{"id":255,"date":"2024-09-18T10:32:59","date_gmt":"2024-09-18T08:32:59","guid":{"rendered":"https:\/\/fentasy-games.com\/?page_id=255"},"modified":"2025-06-27T14:01:02","modified_gmt":"2025-06-27T12:01:02","slug":"el-burro","status":"publish","type":"page","link":"https:\/\/fentasy-games.com\/en_uk\/les-jeux\/el-burro\/","title":{"rendered":"El Burro"},"content":{"rendered":"<p><img loading=\"lazy\" decoding=\"async\" width=\"90\" height=\"90\" class=\"wp-image-437\" style=\"width: 90px;\" src=\"https:\/\/fentasy-games.com\/wp-content\/uploads\/2024\/09\/ElBurro-FlatCover-sans-logo.jpg\" alt=\"\" srcset=\"https:\/\/fentasy-games.com\/wp-content\/uploads\/2024\/09\/ElBurro-FlatCover-sans-logo.jpg 889w, https:\/\/fentasy-games.com\/wp-content\/uploads\/2024\/09\/ElBurro-FlatCover-sans-logo-300x300.jpg 300w, https:\/\/fentasy-games.com\/wp-content\/uploads\/2024\/09\/ElBurro-FlatCover-sans-logo-150x150.jpg 150w, https:\/\/fentasy-games.com\/wp-content\/uploads\/2024\/09\/ElBurro-FlatCover-sans-logo-768x767.jpg 768w, https:\/\/fentasy-games.com\/wp-content\/uploads\/2024\/09\/ElBurro-FlatCover-sans-logo-12x12.jpg 12w, https:\/\/fentasy-games.com\/wp-content\/uploads\/2024\/09\/ElBurro-FlatCover-sans-logo-600x599.jpg 600w, https:\/\/fentasy-games.com\/wp-content\/uploads\/2024\/09\/ElBurro-FlatCover-sans-logo-100x100.jpg 100w\" sizes=\"auto, (max-width: 90px) 100vw, 90px\" \/> <img loading=\"lazy\" decoding=\"async\" width=\"60\" height=\"28\" class=\"wp-image-276\" style=\"width: 60px;\" src=\"https:\/\/fentasy-games.com\/wp-content\/uploads\/2024\/09\/logo-bgg.png\" alt=\"\" srcset=\"https:\/\/fentasy-games.com\/wp-content\/uploads\/2024\/09\/logo-bgg.png 333w, https:\/\/fentasy-games.com\/wp-content\/uploads\/2024\/09\/logo-bgg-300x142.png 300w, https:\/\/fentasy-games.com\/wp-content\/uploads\/2024\/09\/logo-bgg-18x9.png 18w\" sizes=\"auto, (max-width: 60px) 100vw, 60px\" \/><em> <a href=\"https:\/\/boardgamegeek.com\/boardgame\/368386\/el-burro-a-la-granja-game\" data-type=\"link\" data-id=\"https:\/\/boardgamegeek.com\/boardgame\/368386\/el-burro-a-la-granja-game\" target=\"_blank\" rel=\"noreferrer noopener nofollow\">El Burro: un jeu de la gamme La Granja<\/a><\/em><\/p>\n\n\n\n<ul class=\"wp-block-list\">\n<li><strong><em>Informations :<\/em><\/strong><\/li>\n\n\n\n<li><strong>Auteurs : <\/strong>Michael Keller (II),&nbsp;Andreas &#8220;ode.&#8221; Odendahl<\/li>\n\n\n\n<li><strong>Artiste<\/strong> : Harald Lieske<\/li>\n<\/ul>\n\n\n\n<ul class=\"wp-block-list\">\n<li>2\u20134 joueurs :\u00a0 Best: 2<\/li>\n\n\n\n<li>Temps de jeu :  75\u2013150&nbsp;min<\/li>\n\n\n\n<li>Suggestion d&#8217;\u00e2ge:&nbsp;14+ <\/li>\n\n\n\n<li>Complexit\u00e9 :&nbsp;4.12&nbsp;\/ 5 selon BGG<\/li>\n<\/ul>\n\n\n\n<figure class=\"wp-block-gallery has-nested-images columns-default is-cropped wp-block-gallery-1 is-layout-flex wp-block-gallery-is-layout-flex\">\n<figure class=\"wp-block-image size-large\"><img loading=\"lazy\" decoding=\"async\" width=\"1024\" height=\"768\" data-id=\"256\" src=\"https:\/\/fentasy-games.com\/wp-content\/uploads\/2024\/09\/pic7532030-1024x768.jpeg\" alt=\"\" class=\"wp-image-256\" srcset=\"https:\/\/fentasy-games.com\/wp-content\/uploads\/2024\/09\/pic7532030-1024x768.jpeg 1024w, https:\/\/fentasy-games.com\/wp-content\/uploads\/2024\/09\/pic7532030-300x225.jpeg 300w, https:\/\/fentasy-games.com\/wp-content\/uploads\/2024\/09\/pic7532030-768x576.jpeg 768w, https:\/\/fentasy-games.com\/wp-content\/uploads\/2024\/09\/pic7532030-16x12.jpeg 16w, https:\/\/fentasy-games.com\/wp-content\/uploads\/2024\/09\/pic7532030-600x450.jpeg 600w, https:\/\/fentasy-games.com\/wp-content\/uploads\/2024\/09\/pic7532030.jpeg 1200w\" sizes=\"auto, (max-width: 1024px) 100vw, 1024px\" \/><\/figure>\n\n\n\n<figure class=\"wp-block-image size-large\"><img loading=\"lazy\" decoding=\"async\" width=\"800\" height=\"600\" data-id=\"258\" src=\"https:\/\/fentasy-games.com\/wp-content\/uploads\/2024\/09\/pic7532031.jpeg\" alt=\"\" class=\"wp-image-258\" srcset=\"https:\/\/fentasy-games.com\/wp-content\/uploads\/2024\/09\/pic7532031.jpeg 800w, https:\/\/fentasy-games.com\/wp-content\/uploads\/2024\/09\/pic7532031-300x225.jpeg 300w, https:\/\/fentasy-games.com\/wp-content\/uploads\/2024\/09\/pic7532031-768x576.jpeg 768w, https:\/\/fentasy-games.com\/wp-content\/uploads\/2024\/09\/pic7532031-16x12.jpeg 16w, https:\/\/fentasy-games.com\/wp-content\/uploads\/2024\/09\/pic7532031-600x450.jpeg 600w\" sizes=\"auto, (max-width: 800px) 100vw, 800px\" \/><\/figure>\n\n\n\n<figure class=\"wp-block-image size-large\"><img loading=\"lazy\" decoding=\"async\" width=\"800\" height=\"600\" data-id=\"257\" src=\"https:\/\/fentasy-games.com\/wp-content\/uploads\/2024\/09\/pic8171488.jpeg\" alt=\"\" class=\"wp-image-257\" srcset=\"https:\/\/fentasy-games.com\/wp-content\/uploads\/2024\/09\/pic8171488.jpeg 800w, https:\/\/fentasy-games.com\/wp-content\/uploads\/2024\/09\/pic8171488-300x225.jpeg 300w, https:\/\/fentasy-games.com\/wp-content\/uploads\/2024\/09\/pic8171488-768x576.jpeg 768w, https:\/\/fentasy-games.com\/wp-content\/uploads\/2024\/09\/pic8171488-16x12.jpeg 16w, https:\/\/fentasy-games.com\/wp-content\/uploads\/2024\/09\/pic8171488-600x450.jpeg 600w\" sizes=\"auto, (max-width: 800px) 100vw, 800px\" \/><\/figure>\n\n\n\n<figure class=\"wp-block-image size-full is-style-default\"><img loading=\"lazy\" decoding=\"async\" width=\"889\" height=\"888\" data-id=\"436\" src=\"https:\/\/fentasy-games.com\/wp-content\/uploads\/2024\/09\/ElBurro-FlatCover_FR.jpg\" alt=\"\" class=\"wp-image-436\" srcset=\"https:\/\/fentasy-games.com\/wp-content\/uploads\/2024\/09\/ElBurro-FlatCover_FR.jpg 889w, https:\/\/fentasy-games.com\/wp-content\/uploads\/2024\/09\/ElBurro-FlatCover_FR-300x300.jpg 300w, https:\/\/fentasy-games.com\/wp-content\/uploads\/2024\/09\/ElBurro-FlatCover_FR-150x150.jpg 150w, https:\/\/fentasy-games.com\/wp-content\/uploads\/2024\/09\/ElBurro-FlatCover_FR-768x767.jpg 768w, https:\/\/fentasy-games.com\/wp-content\/uploads\/2024\/09\/ElBurro-FlatCover_FR-12x12.jpg 12w, https:\/\/fentasy-games.com\/wp-content\/uploads\/2024\/09\/ElBurro-FlatCover_FR-600x599.jpg 600w, https:\/\/fentasy-games.com\/wp-content\/uploads\/2024\/09\/ElBurro-FlatCover_FR-100x100.jpg 100w\" sizes=\"auto, (max-width: 889px) 100vw, 889px\" \/><figcaption class=\"wp-element-caption\">Illustration de la bo\u00eete &#8211; El Burro<\/figcaption><\/figure>\n<\/figure>\n\n\n\n<p>R\u00e9sum\u00e9 des r\u00e8gles : <a href=\"https:\/\/fentasy-games.com\/wp-content\/uploads\/2024\/10\/El_Burro-Resume_Fr.pdf\" data-type=\"link\" data-id=\"https:\/\/fentasy-games.com\/wp-content\/uploads\/2024\/10\/El_Burro-Resume_Fr.pdf\" target=\"_blank\" rel=\"noreferrer noopener nofollow\">Fran\u00e7ais<\/a><\/p>\n\n\n\n<p><\/p>","protected":false},"excerpt":{"rendered":"<p>El Burro: un jeu de la gamme La Granja R\u00e9sum\u00e9 des r\u00e8gles : Fran\u00e7ais<\/p>","protected":false},"author":1,"featured_media":0,"parent":202,"menu_order":0,"comment_status":"closed","ping_status":"closed","template":"","meta":{"site-sidebar-layout":"default","site-content-layout":"","ast-site-content-layout":"default","site-content-style":"default","site-sidebar-style":"default","ast-global-header-display":"","ast-banner-title-visibility":"","ast-main-header-display":"","ast-hfb-above-header-display":"","ast-hfb-below-header-display":"","ast-hfb-mobile-header-display":"","site-post-title":"","ast-breadcrumbs-content":"","ast-featured-img":"","footer-sml-layout":"","ast-disable-related-posts":"","theme-transparent-header-meta":"","adv-header-id-meta":"","stick-header-meta":"","header-above-stick-meta":"","header-main-stick-meta":"","header-below-stick-meta":"","astra-migrate-meta-layouts":"default","ast-page-background-enabled":"default","ast-page-background-meta":{"desktop":{"background-color":"var(--ast-global-color-4)","background-image":"","background-repeat":"repeat","background-position":"center center","background-size":"auto","background-attachment":"scroll","background-type":"","background-media":"","overlay-type":"","overlay-color":"","overlay-opacity":"","overlay-gradient":""},"tablet":{"background-color":"","background-image":"","background-repeat":"repeat","background-position":"center center","background-size":"auto","background-attachment":"scroll","background-type":"","background-media":"","overlay-type":"","overlay-color":"","overlay-opacity":"","overlay-gradient":""},"mobile":{"background-color":"","background-image":"","background-repeat":"repeat","background-position":"center center","background-size":"auto","background-attachment":"scroll","background-type":"","background-media":"","overlay-type":"","overlay-color":"","overlay-opacity":"","overlay-gradient":""}},"ast-content-background-meta":{"desktop":{"background-color":"var(--ast-global-color-5)","background-image":"","background-repeat":"repeat","background-position":"center center","background-size":"auto","background-attachment":"scroll","background-type":"","background-media":"","overlay-type":"","overlay-color":"","overlay-opacity":"","overlay-gradient":""},"tablet":{"background-color":"var(--ast-global-color-5)","background-image":"","background-repeat":"repeat","background-position":"center center","background-size":"auto","background-attachment":"scroll","background-type":"","background-media":"","overlay-type":"","overlay-color":"","overlay-opacity":"","overlay-gradient":""},"mobile":{"background-color":"var(--ast-global-color-5)","background-image":"","background-repeat":"repeat","background-position":"center center","background-size":"auto","background-attachment":"scroll","background-type":"","background-media":"","overlay-type":"","overlay-color":"","overlay-opacity":"","overlay-gradient":""}},"footnotes":""},"class_list":["post-255","page","type-page","status-publish","hentry"],"aioseo_notices":[],"_links":{"self":[{"href":"https:\/\/fentasy-games.com\/en_uk\/wp-json\/wp\/v2\/pages\/255","targetHints":{"allow":["GET"]}}],"collection":[{"href":"https:\/\/fentasy-games.com\/en_uk\/wp-json\/wp\/v2\/pages"}],"about":[{"href":"https:\/\/fentasy-games.com\/en_uk\/wp-json\/wp\/v2\/types\/page"}],"author":[{"embeddable":true,"href":"https:\/\/fentasy-games.com\/en_uk\/wp-json\/wp\/v2\/users\/1"}],"replies":[{"embeddable":true,"href":"https:\/\/fentasy-games.com\/en_uk\/wp-json\/wp\/v2\/comments?post=255"}],"version-history":[{"count":8,"href":"https:\/\/fentasy-games.com\/en_uk\/wp-json\/wp\/v2\/pages\/255\/revisions"}],"predecessor-version":[{"id":783,"href":"https:\/\/fentasy-games.com\/en_uk\/wp-json\/wp\/v2\/pages\/255\/revisions\/783"}],"up":[{"embeddable":true,"href":"https:\/\/fentasy-games.com\/en_uk\/wp-json\/wp\/v2\/pages\/202"}],"wp:attachment":[{"href":"https:\/\/fentasy-games.com\/en_uk\/wp-json\/wp\/v2\/media?parent=255"}],"curies":[{"name":"wp","href":"https:\/\/api.w.org\/{rel}","templated":true}]}}