{"id":149,"date":"2024-09-06T16:53:05","date_gmt":"2024-09-06T14:53:05","guid":{"rendered":"https:\/\/fentasy-games.com\/?post_type=product&#038;p=149"},"modified":"2025-12-21T23:29:11","modified_gmt":"2025-12-21T22:29:11","slug":"el-burro","status":"publish","type":"product","link":"https:\/\/fentasy-games.com\/en_uk\/boutique\/el-burro\/","title":{"rendered":"El Burro"},"content":{"rendered":"<p><strong>EL BURRO<\/strong> un jeu de Michael Keller (II), Andreas \u00ab ode. \u00bb Odendahl, illustration par Harald Lieske.<br \/>\n<img loading=\"lazy\" decoding=\"async\" class=\"size-medium wp-image-436 alignleft\" src=\"https:\/\/fentasy-games.com\/wp-content\/uploads\/2024\/09\/ElBurro-FlatCover_FR-300x300.jpg\" alt=\"\" width=\"300\" height=\"300\" srcset=\"https:\/\/fentasy-games.com\/wp-content\/uploads\/2024\/09\/ElBurro-FlatCover_FR-300x300.jpg 300w, https:\/\/fentasy-games.com\/wp-content\/uploads\/2024\/09\/ElBurro-FlatCover_FR-150x150.jpg 150w, https:\/\/fentasy-games.com\/wp-content\/uploads\/2024\/09\/ElBurro-FlatCover_FR-768x767.jpg 768w, https:\/\/fentasy-games.com\/wp-content\/uploads\/2024\/09\/ElBurro-FlatCover_FR-12x12.jpg 12w, https:\/\/fentasy-games.com\/wp-content\/uploads\/2024\/09\/ElBurro-FlatCover_FR-600x599.jpg 600w, https:\/\/fentasy-games.com\/wp-content\/uploads\/2024\/09\/ElBurro-FlatCover_FR-100x100.jpg 100w, https:\/\/fentasy-games.com\/wp-content\/uploads\/2024\/09\/ElBurro-FlatCover_FR.jpg 889w\" sizes=\"auto, (max-width: 300px) 100vw, 300px\" \/><\/p>\n<p>Dans El Burro, vous d\u00e9veloppez une ferme \u00e0 Majorque et devez transporter vos marchandises de votre ferme jusqu&#8217;au port de La Palma. Le jeu utilise des cartes polyvalentes et un syst\u00e8me de s\u00e9lection de d\u00e9s, comme dans La Granja, tout en incluant d&#8217;autres \u00e9l\u00e9ments tels que des cartes d&#8217;\u00e2nes, des livraisons par \u00e2nes. Vous devez g\u00e9rer votre ferme de la mani\u00e8re la plus efficace possible tout en tirant le meilleur parti de vos cartes et des d\u00e9s.<\/p>\n<p>Au cours d&#8217;une manche de jeu, vous jouez des cartes, s\u00e9lectionnez des d\u00e9s (un \u00e0 la fois) pour effectuer des actions, livrez des marchandises \u00e0 vos propres \u00e9tals de march\u00e9 ou aux march\u00e9s locaux, et les transportez jusqu&#8217;au port de Palma.<\/p>\n<p>Pendant la partie, vous marquez des points pour les livraisons, et \u00e0 la fin de quatre manches de jeu, vous obtenez plus de points en fonction des cartes sp\u00e9ciales et d&#8217;autres \u00e9l\u00e9ments. Le joueur avec le plus de points remporte la partie.<\/p>","protected":false},"excerpt":{"rendered":"<p>PROMO !! D\u00e9faut de production !!<br \/>\nLes plateaux sont courb\u00e9s ! Mais cela se corrige.<\/p>","protected":false},"featured_media":435,"template":"","meta":{"site-sidebar-layout":"no-sidebar","site-content-layout":"","ast-site-content-layout":"normal-width-container","site-content-style":"default","site-sidebar-style":"default","ast-global-header-display":"","ast-banner-title-visibility":"","ast-main-header-display":"","ast-hfb-above-header-display":"","ast-hfb-below-header-display":"","ast-hfb-mobile-header-display":"","site-post-title":"","ast-breadcrumbs-content":"","ast-featured-img":"","footer-sml-layout":"","ast-disable-related-posts":"","theme-transparent-header-meta":"disabled","adv-header-id-meta":"","stick-header-meta":"","header-above-stick-meta":"","header-main-stick-meta":"","header-below-stick-meta":"","astra-migrate-meta-layouts":"set","ast-page-background-enabled":"default","ast-page-background-meta":{"desktop":{"background-color":"var(--ast-global-color-4)","background-image":"","background-repeat":"repeat","background-position":"center center","background-size":"auto","background-attachment":"scroll","background-type":"","background-media":"","overlay-type":"","overlay-color":"","overlay-opacity":"","overlay-gradient":""},"tablet":{"background-color":"","background-image":"","background-repeat":"repeat","background-position":"center center","background-size":"auto","background-attachment":"scroll","background-type":"","background-media":"","overlay-type":"","overlay-color":"","overlay-opacity":"","overlay-gradient":""},"mobile":{"background-color":"","background-image":"","background-repeat":"repeat","background-position":"center center","background-size":"auto","background-attachment":"scroll","background-type":"","background-media":"","overlay-type":"","overlay-color":"","overlay-opacity":"","overlay-gradient":""}},"ast-content-background-meta":{"desktop":{"background-color":"var(--ast-global-color-5)","background-image":"","background-repeat":"repeat","background-position":"center center","background-size":"auto","background-attachment":"scroll","background-type":"","background-media":"","overlay-type":"","overlay-color":"","overlay-opacity":"","overlay-gradient":""},"tablet":{"background-color":"var(--ast-global-color-5)","background-image":"","background-repeat":"repeat","background-position":"center center","background-size":"auto","background-attachment":"scroll","background-type":"","background-media":"","overlay-type":"","overlay-color":"","overlay-opacity":"","overlay-gradient":""},"mobile":{"background-color":"var(--ast-global-color-5)","background-image":"","background-repeat":"repeat","background-position":"center center","background-size":"auto","background-attachment":"scroll","background-type":"","background-media":"","overlay-type":"","overlay-color":"","overlay-opacity":"","overlay-gradient":""}}},"product_brand":[],"product_cat":[40,24,21],"product_tag":[],"class_list":{"0":"post-149","1":"product","2":"type-product","3":"status-publish","4":"has-post-thumbnail","6":"product_cat-disponible","7":"product_cat-el-burro","8":"product_cat-expert","9":"desktop-align-left","10":"tablet-align-left","11":"mobile-align-left","13":"first","14":"instock","15":"sale","16":"taxable","17":"shipping-taxable","18":"purchasable","19":"product-type-variable","20":"has-default-attributes"},"aioseo_notices":[],"_links":{"self":[{"href":"https:\/\/fentasy-games.com\/en_uk\/wp-json\/wp\/v2\/product\/149","targetHints":{"allow":["GET"]}}],"collection":[{"href":"https:\/\/fentasy-games.com\/en_uk\/wp-json\/wp\/v2\/product"}],"about":[{"href":"https:\/\/fentasy-games.com\/en_uk\/wp-json\/wp\/v2\/types\/product"}],"wp:featuredmedia":[{"embeddable":true,"href":"https:\/\/fentasy-games.com\/en_uk\/wp-json\/wp\/v2\/media\/435"}],"wp:attachment":[{"href":"https:\/\/fentasy-games.com\/en_uk\/wp-json\/wp\/v2\/media?parent=149"}],"wp:term":[{"taxonomy":"product_brand","embeddable":true,"href":"https:\/\/fentasy-games.com\/en_uk\/wp-json\/wp\/v2\/product_brand?post=149"},{"taxonomy":"product_cat","embeddable":true,"href":"https:\/\/fentasy-games.com\/en_uk\/wp-json\/wp\/v2\/product_cat?post=149"},{"taxonomy":"product_tag","embeddable":true,"href":"https:\/\/fentasy-games.com\/en_uk\/wp-json\/wp\/v2\/product_tag?post=149"}],"curies":[{"name":"wp","href":"https:\/\/api.w.org\/{rel}","templated":true}]}}