{"id":338,"date":"2024-09-30T15:08:49","date_gmt":"2024-09-30T13:08:49","guid":{"rendered":"https:\/\/fentasy-games.com\/?post_type=product&#038;p=338"},"modified":"2025-11-17T15:51:08","modified_gmt":"2025-11-17T14:51:08","slug":"stephens","status":"publish","type":"product","link":"https:\/\/fentasy-games.com\/en_uk\/boutique\/stephens\/","title":{"rendered":"Stephens"},"content":{"rendered":"<p><strong>Stephens<\/strong> &#8211; un jeu de R\u00f4la &amp; Costa, illustration par Lukas Siegmon &amp; Citie Lo<\/p>\n<p><img loading=\"lazy\" decoding=\"async\" class=\"size-medium wp-image-433 alignleft\" src=\"https:\/\/fentasy-games.com\/wp-content\/uploads\/2024\/09\/Stephens-FlatCover_Fr-1-249x300.jpg\" alt=\"\" width=\"249\" height=\"300\" srcset=\"https:\/\/fentasy-games.com\/wp-content\/uploads\/2024\/09\/Stephens-FlatCover_Fr-1-249x300.jpg 249w, https:\/\/fentasy-games.com\/wp-content\/uploads\/2024\/09\/Stephens-FlatCover_Fr-1-850x1024.jpg 850w, https:\/\/fentasy-games.com\/wp-content\/uploads\/2024\/09\/Stephens-FlatCover_Fr-1-768x926.jpg 768w, https:\/\/fentasy-games.com\/wp-content\/uploads\/2024\/09\/Stephens-FlatCover_Fr-1-1275x1536.jpg 1275w, https:\/\/fentasy-games.com\/wp-content\/uploads\/2024\/09\/Stephens-FlatCover_Fr-1-1699x2048.jpg 1699w, https:\/\/fentasy-games.com\/wp-content\/uploads\/2024\/09\/Stephens-FlatCover_Fr-1-10x12.jpg 10w, https:\/\/fentasy-games.com\/wp-content\/uploads\/2024\/09\/Stephens-FlatCover_Fr-1-600x723.jpg 600w\" sizes=\"auto, (max-width: 249px) 100vw, 249px\" \/><\/p>\n<p><span style=\"text-decoration: underline;\">Description\u00a0<\/span> :<br \/>\nApr\u00e8s le grand tremblement de terre de 1755 qui d\u00e9truisit Lisbonne et la majeure partie de la c\u00f4te sud du Portugal, il fut n\u00e9cessaire de reconstruire toute une nation. La demande de verre de fen\u00eatre augmenta tellement que William Stephens, un homme d&#8217;affaires britannique, y vit l&#8217;opportunit\u00e9 d&#8217;\u00e9tendre son entreprise au Portugal en investissant dans l&#8217;industrie du verre.<\/p>\n<p>Dans <strong><em>Stephens<\/em><\/strong>, les joueurs se disputent le r\u00f4le de ma\u00eetres verriers travaillant \u00e0 la c\u00e9l\u00e8bre usine &#8220;Stephens&#8221; pour devenir la figure la plus prestigieuse de la ville&#8230; apr\u00e8s Stephens, bien s\u00fbr. Gr\u00e2ce \u00e0 une planification astucieuse et strat\u00e9gique, chaque joueur d\u00e9veloppera ses \u0153uvres, investira dans de nouvelles entreprises et encouragera la cr\u00e9ation d&#8217;emplois. \u00c0 travers un m\u00e9canisme unique de s\u00e9lection d&#8217;actions, les joueurs pourront, \u00e0 leur tour, choisir parmi une vari\u00e9t\u00e9 d&#8217;options, soit en activant l&#8217;usine Stephens, soit en activant un de leurs investissements personnels.<\/p>\n<p>Mais attention, une menace plane sur le pays et pr\u00e9cipitera les joueurs vers la fin de leur expansion \u00e9conomique. En effet, le jeu se termine lorsque les forces napol\u00e9oniennes arrivent en ville, et c&#8217;est alors le joueur avec le plus de prestige qui l&#8217;emporte.<\/p>","protected":false},"excerpt":{"rendered":"<p>Stephens &#8211; un jeu de R\u00f4la &amp; Costa, illustration par Lukas Siegmon &amp; Citie Lo Description\u00a0 : Apr\u00e8s le grand [&hellip;]<\/p>\n","protected":false},"featured_media":434,"template":"","meta":{"site-sidebar-layout":"default","site-content-layout":"","ast-site-content-layout":"default","site-content-style":"default","site-sidebar-style":"default","ast-global-header-display":"","ast-banner-title-visibility":"","ast-main-header-display":"","ast-hfb-above-header-display":"","ast-hfb-below-header-display":"","ast-hfb-mobile-header-display":"","site-post-title":"","ast-breadcrumbs-content":"","ast-featured-img":"","footer-sml-layout":"","ast-disable-related-posts":"","theme-transparent-header-meta":"default","adv-header-id-meta":"","stick-header-meta":"","header-above-stick-meta":"","header-main-stick-meta":"","header-below-stick-meta":"","astra-migrate-meta-layouts":"set","ast-page-background-enabled":"default","ast-page-background-meta":{"desktop":{"background-color":"var(--ast-global-color-4)","background-image":"","background-repeat":"repeat","background-position":"center center","background-size":"auto","background-attachment":"scroll","background-type":"","background-media":"","overlay-type":"","overlay-color":"","overlay-opacity":"","overlay-gradient":""},"tablet":{"background-color":"","background-image":"","background-repeat":"repeat","background-position":"center center","background-size":"auto","background-attachment":"scroll","background-type":"","background-media":"","overlay-type":"","overlay-color":"","overlay-opacity":"","overlay-gradient":""},"mobile":{"background-color":"","background-image":"","background-repeat":"repeat","background-position":"center center","background-size":"auto","background-attachment":"scroll","background-type":"","background-media":"","overlay-type":"","overlay-color":"","overlay-opacity":"","overlay-gradient":""}},"ast-content-background-meta":{"desktop":{"background-color":"var(--ast-global-color-5)","background-image":"","background-repeat":"repeat","background-position":"center center","background-size":"auto","background-attachment":"scroll","background-type":"","background-media":"","overlay-type":"","overlay-color":"","overlay-opacity":"","overlay-gradient":""},"tablet":{"background-color":"var(--ast-global-color-5)","background-image":"","background-repeat":"repeat","background-position":"center center","background-size":"auto","background-attachment":"scroll","background-type":"","background-media":"","overlay-type":"","overlay-color":"","overlay-opacity":"","overlay-gradient":""},"mobile":{"background-color":"var(--ast-global-color-5)","background-image":"","background-repeat":"repeat","background-position":"center center","background-size":"auto","background-attachment":"scroll","background-type":"","background-media":"","overlay-type":"","overlay-color":"","overlay-opacity":"","overlay-gradient":""}}},"product_brand":[],"product_cat":[30,38,36],"product_tag":[],"class_list":{"0":"post-338","1":"product","2":"type-product","3":"status-publish","4":"has-post-thumbnail","6":"product_cat-a-venir-coming-soon-prochainement","7":"product_cat-initie","8":"product_cat-stephens","9":"desktop-align-left","10":"tablet-align-left","11":"mobile-align-left","13":"first","14":"onbackorder","15":"taxable","16":"shipping-taxable","17":"purchasable","18":"product-type-variable"},"aioseo_notices":[],"_links":{"self":[{"href":"https:\/\/fentasy-games.com\/en_uk\/wp-json\/wp\/v2\/product\/338","targetHints":{"allow":["GET"]}}],"collection":[{"href":"https:\/\/fentasy-games.com\/en_uk\/wp-json\/wp\/v2\/product"}],"about":[{"href":"https:\/\/fentasy-games.com\/en_uk\/wp-json\/wp\/v2\/types\/product"}],"wp:featuredmedia":[{"embeddable":true,"href":"https:\/\/fentasy-games.com\/en_uk\/wp-json\/wp\/v2\/media\/434"}],"wp:attachment":[{"href":"https:\/\/fentasy-games.com\/en_uk\/wp-json\/wp\/v2\/media?parent=338"}],"wp:term":[{"taxonomy":"product_brand","embeddable":true,"href":"https:\/\/fentasy-games.com\/en_uk\/wp-json\/wp\/v2\/product_brand?post=338"},{"taxonomy":"product_cat","embeddable":true,"href":"https:\/\/fentasy-games.com\/en_uk\/wp-json\/wp\/v2\/product_cat?post=338"},{"taxonomy":"product_tag","embeddable":true,"href":"https:\/\/fentasy-games.com\/en_uk\/wp-json\/wp\/v2\/product_tag?post=338"}],"curies":[{"name":"wp","href":"https:\/\/api.w.org\/{rel}","templated":true}]}}