{"id":494,"date":"2024-12-31T12:16:49","date_gmt":"2024-12-31T11:16:49","guid":{"rendered":"https:\/\/fentasy-games.com\/?post_type=product&#038;p=494"},"modified":"2025-11-17T15:47:29","modified_gmt":"2025-11-17T14:47:29","slug":"kikai-bricolage-heads","status":"publish","type":"product","link":"https:\/\/fentasy-games.com\/en_uk\/boutique\/kikai-bricolage-heads\/","title":{"rendered":"Kikai &#8211; Bricolage Heads"},"content":{"rendered":"<p><strong>KIKAI &#8211; BRICOLAGE HEADS<\/strong> &#8211; un jeu de <span class=\"ng-binding\">Yasuyuki Yamagishi<\/span>, illustration par <span class=\"ng-binding\">Ylann Braunschweiger<\/span><\/p>\n<p><span style=\"text-decoration: underline;\">Description :\u00a0<\/span><\/p>\n<p><img loading=\"lazy\" decoding=\"async\" class=\"size-medium wp-image-744 alignleft\" src=\"https:\/\/fentasy-games.com\/wp-content\/uploads\/2024\/12\/Box_layout-Cover-Solo-300x195.png\" alt=\"\" width=\"300\" height=\"195\" srcset=\"https:\/\/fentasy-games.com\/wp-content\/uploads\/2024\/12\/Box_layout-Cover-Solo-300x195.png 300w, https:\/\/fentasy-games.com\/wp-content\/uploads\/2024\/12\/Box_layout-Cover-Solo-1024x666.png 1024w, https:\/\/fentasy-games.com\/wp-content\/uploads\/2024\/12\/Box_layout-Cover-Solo-768x500.png 768w, https:\/\/fentasy-games.com\/wp-content\/uploads\/2024\/12\/Box_layout-Cover-Solo-1536x999.png 1536w, https:\/\/fentasy-games.com\/wp-content\/uploads\/2024\/12\/Box_layout-Cover-Solo-2048x1332.png 2048w, https:\/\/fentasy-games.com\/wp-content\/uploads\/2024\/12\/Box_layout-Cover-Solo-18x12.png 18w, https:\/\/fentasy-games.com\/wp-content\/uploads\/2024\/12\/Box_layout-Cover-Solo-600x390.png 600w\" sizes=\"auto, (max-width: 300px) 100vw, 300px\" \/>Au premier regard, tous ces objets ressemblent \u00e0 des rebuts abandonn\u00e9s dans la rue, apr\u00e8s avoir rempli leur fonction, consomm\u00e9s, dig\u00e9r\u00e9s par la soci\u00e9t\u00e9 puis rejet\u00e9s sans \u00e9gard pour leur venir. Pourtant, vous voyez au-del\u00e0, ces objets rev\u00eatent, \u00e0 vos yeux, de nouvelles significations, in\u00e9dites et fascinantes. Partout dans les rues, des \u0153uvres n\u00e9es de ce recyclage improbable prennent forme : ce sont les \u00ab KIKAI \u00bb.<br \/>\nKIKAI est un mot japonais, dont les kanji signifient \u00ab MACHINE \u00bb. Mais il existe une autre mani\u00e8re de l\u2019\u00e9crire,\u00a0 d\u00e9signant quelque chose de si \u00e9trange et myst\u00e9rieux qu\u2019il d\u00e9fie toute logique. Quel sens r\u00e9sonnera le plus pour votre cr\u00e9ation ?<br \/>\nCertains habitants sont devenus de v\u00e9ritables fans de ces \u00e9tranges \u00ab KIKAI \u00bb. Ils parcourent les rues \u00e0 la recherche de ces \u0153uvres intrigantes et jugent chaque cr\u00e9ation selon leurs diff\u00e9rents crit\u00e8res. \u00c0 quel point votre cr\u00e9ation transcende-t-elle la logique de l\u2019usage initial de ces objets.\u00a0 Cette culture marginale a pris racine dans Yukon Street, devenant une v\u00e9ritable culture urbaine. Votre objectif, en tant que joueur, est de gagner la reconnaissance de ces fans \u00e9clair\u00e9s.<\/p>\n<p>\u00c0 moins que vous ne deveniez vous-m\u00eame un ma\u00eetre\u2026<\/p>","protected":false},"excerpt":{"rendered":"<p><b>Disponible. Pour une exp\u00e9rience encore plus immersive, les KIKAI en bois sont disponibles.<\/b><\/p>","protected":false},"featured_media":743,"template":"","meta":{"site-sidebar-layout":"default","site-content-layout":"","ast-site-content-layout":"default","site-content-style":"default","site-sidebar-style":"default","ast-global-header-display":"","ast-banner-title-visibility":"","ast-main-header-display":"","ast-hfb-above-header-display":"","ast-hfb-below-header-display":"","ast-hfb-mobile-header-display":"","site-post-title":"","ast-breadcrumbs-content":"","ast-featured-img":"","footer-sml-layout":"","ast-disable-related-posts":"","theme-transparent-header-meta":"default","adv-header-id-meta":"","stick-header-meta":"","header-above-stick-meta":"","header-main-stick-meta":"","header-below-stick-meta":"","astra-migrate-meta-layouts":"set","ast-page-background-enabled":"default","ast-page-background-meta":{"desktop":{"background-color":"var(--ast-global-color-4)","background-image":"","background-repeat":"repeat","background-position":"center center","background-size":"auto","background-attachment":"scroll","background-type":"","background-media":"","overlay-type":"","overlay-color":"","overlay-opacity":"","overlay-gradient":""},"tablet":{"background-color":"","background-image":"","background-repeat":"repeat","background-position":"center center","background-size":"auto","background-attachment":"scroll","background-type":"","background-media":"","overlay-type":"","overlay-color":"","overlay-opacity":"","overlay-gradient":""},"mobile":{"background-color":"","background-image":"","background-repeat":"repeat","background-position":"center center","background-size":"auto","background-attachment":"scroll","background-type":"","background-media":"","overlay-type":"","overlay-color":"","overlay-opacity":"","overlay-gradient":""}},"ast-content-background-meta":{"desktop":{"background-color":"var(--ast-global-color-5)","background-image":"","background-repeat":"repeat","background-position":"center center","background-size":"auto","background-attachment":"scroll","background-type":"","background-media":"","overlay-type":"","overlay-color":"","overlay-opacity":"","overlay-gradient":""},"tablet":{"background-color":"var(--ast-global-color-5)","background-image":"","background-repeat":"repeat","background-position":"center center","background-size":"auto","background-attachment":"scroll","background-type":"","background-media":"","overlay-type":"","overlay-color":"","overlay-opacity":"","overlay-gradient":""},"mobile":{"background-color":"var(--ast-global-color-5)","background-image":"","background-repeat":"repeat","background-position":"center center","background-size":"auto","background-attachment":"scroll","background-type":"","background-media":"","overlay-type":"","overlay-color":"","overlay-opacity":"","overlay-gradient":""}}},"product_brand":[],"product_cat":[39,21],"product_tag":[],"class_list":{"0":"post-494","1":"product","2":"type-product","3":"status-publish","4":"has-post-thumbnail","6":"product_cat-bricolage-heads","7":"product_cat-expert","8":"desktop-align-left","9":"tablet-align-left","10":"mobile-align-left","12":"first","13":"instock","14":"taxable","15":"shipping-taxable","16":"purchasable","17":"product-type-variable"},"aioseo_notices":[],"_links":{"self":[{"href":"https:\/\/fentasy-games.com\/en_uk\/wp-json\/wp\/v2\/product\/494","targetHints":{"allow":["GET"]}}],"collection":[{"href":"https:\/\/fentasy-games.com\/en_uk\/wp-json\/wp\/v2\/product"}],"about":[{"href":"https:\/\/fentasy-games.com\/en_uk\/wp-json\/wp\/v2\/types\/product"}],"wp:featuredmedia":[{"embeddable":true,"href":"https:\/\/fentasy-games.com\/en_uk\/wp-json\/wp\/v2\/media\/743"}],"wp:attachment":[{"href":"https:\/\/fentasy-games.com\/en_uk\/wp-json\/wp\/v2\/media?parent=494"}],"wp:term":[{"taxonomy":"product_brand","embeddable":true,"href":"https:\/\/fentasy-games.com\/en_uk\/wp-json\/wp\/v2\/product_brand?post=494"},{"taxonomy":"product_cat","embeddable":true,"href":"https:\/\/fentasy-games.com\/en_uk\/wp-json\/wp\/v2\/product_cat?post=494"},{"taxonomy":"product_tag","embeddable":true,"href":"https:\/\/fentasy-games.com\/en_uk\/wp-json\/wp\/v2\/product_tag?post=494"}],"curies":[{"name":"wp","href":"https:\/\/api.w.org\/{rel}","templated":true}]}}