{"id":97,"date":"2024-08-05T20:52:39","date_gmt":"2024-08-05T18:52:39","guid":{"rendered":"https:\/\/fentasy-games.com\/?post_type=product&#038;p=97"},"modified":"2025-11-17T15:50:27","modified_gmt":"2025-11-17T14:50:27","slug":"yinzi-ming","status":"publish","type":"product","link":"https:\/\/fentasy-games.com\/en_uk\/boutique\/yinzi-ming\/","title":{"rendered":"Yinzi \u2013 Ming"},"content":{"rendered":"<p><span style=\"text-decoration: underline;\"><strong><em>Yinzi \u2013 Ming<\/em><\/strong><\/span><strong><em> : <\/em><\/strong><em>un jeu de Rola &amp; Costa<\/em><strong><em>\u00a0<\/em><\/strong><br \/>\n<strong><img loading=\"lazy\" decoding=\"async\" class=\"size-medium wp-image-443 alignleft\" src=\"https:\/\/fentasy-games.com\/wp-content\/uploads\/2024\/08\/YinziMing-Box-FlatCover-300x300.jpg\" alt=\"\" width=\"300\" height=\"300\" srcset=\"https:\/\/fentasy-games.com\/wp-content\/uploads\/2024\/08\/YinziMing-Box-FlatCover-300x300.jpg 300w, https:\/\/fentasy-games.com\/wp-content\/uploads\/2024\/08\/YinziMing-Box-FlatCover-1024x1024.jpg 1024w, https:\/\/fentasy-games.com\/wp-content\/uploads\/2024\/08\/YinziMing-Box-FlatCover-150x150.jpg 150w, https:\/\/fentasy-games.com\/wp-content\/uploads\/2024\/08\/YinziMing-Box-FlatCover-768x768.jpg 768w, https:\/\/fentasy-games.com\/wp-content\/uploads\/2024\/08\/YinziMing-Box-FlatCover-1536x1536.jpg 1536w, https:\/\/fentasy-games.com\/wp-content\/uploads\/2024\/08\/YinziMing-Box-FlatCover-2048x2048.jpg 2048w, https:\/\/fentasy-games.com\/wp-content\/uploads\/2024\/08\/YinziMing-Box-FlatCover-12x12.jpg 12w, https:\/\/fentasy-games.com\/wp-content\/uploads\/2024\/08\/YinziMing-Box-FlatCover-600x600.jpg 600w, https:\/\/fentasy-games.com\/wp-content\/uploads\/2024\/08\/YinziMing-Box-FlatCover-100x100.jpg 100w\" sizes=\"auto, (max-width: 300px) 100vw, 300px\" \/>Y\u00ednzi<\/strong> signifie argent &#8211;<br \/>\nLa Chine a connu la plus grande expansion \u00e9conomique de son histoire sous la dynastie Ming (1368-1644). Yinzi &#8211; Ming raconte comment le commerce du minerai d&#8217;argent entre les Am\u00e9riques, l&#8217;Asie, l&#8217;Europe et la Chine a eu un effet profond sur l&#8217;\u00e9conomie mondiale, marquant peut-\u00eatre le d\u00e9but d&#8217;une \u00e9conomie globale.<\/p>\n<p>En Chine, la mobilit\u00e9 sociale a conduit \u00e0 la croissance des villes, notamment dans la r\u00e9gion du bas Yangts\u00e9, alors responsable de la principale production de th\u00e9, de fruits, de sel, de cannes \u00e0 sucre et bien d&#8217;autres cultures pour tout le pays.<br \/>\nLe gouvernement Ming a aboli le travail forc\u00e9 obligatoire des paysans, en vigueur sous les dynasties pr\u00e9c\u00e9dentes, et l&#8217;a remplac\u00e9 par du travail r\u00e9mun\u00e9r\u00e9, augmentant ainsi la productivit\u00e9 et les \u00e9changes commerciaux. Les paysans ont chang\u00e9 de m\u00e9tier et ont \u00e9t\u00e9 employ\u00e9s dans des manufactures priv\u00e9es ou d&#8217;\u00c9tat, produisant des biens comme le papier, la porcelaine, le sucre raffin\u00e9 ou les textiles de soie.<\/p>\n<p>Le commerce et les affaires prosp\u00e9raient dans cette \u00e9conomie lib\u00e9ralis\u00e9e, aid\u00e9s par la construction de canaux, routes et ponts par le gouvernement Ming. La Chine des Ming a vu \u00e9merger plusieurs clans de marchands, poss\u00e9dant d&#8217;immenses richesses. La dynastie Ming a tent\u00e9 d&#8217;utiliser la monnaie papier, mais elle a compris que ce n&#8217;\u00e9tait pas vraiment efficace pour le commerce avec l&#8217;Europe et le Japon. Des pi\u00e8ces mineures \u00e9taient frapp\u00e9es en m\u00e9taux de base, mais le commerce se faisait principalement avec des<strong> lingots d&#8217;argent<\/strong>.<br \/>\nLe d\u00e9veloppement de la Chine n\u00e9cessitait toujours plus de minerai d&#8217;argent pour ses lingots : le \u00ab Y\u00ednzi \u00bb est devenu la monnaie la plus pr\u00e9cieuse pour soutenir l&#8217;expansion de la Chine.<\/p>\n<p>Dans <strong>Y\u00ednzi &#8211; Ming<\/strong>, les joueurs repr\u00e9sentent des clans marchands d\u00e9veloppant des parties de la Chine \u00e0 la fin de la p\u00e9riode Ming, au d\u00e9but du 17\u00e8me si\u00e8cle, le long des 200 derniers kilom\u00e8tres de l&#8217;immense fleuve Yangts\u00e9 avant qu&#8217;il n&#8217;atteigne la mer de Chine. Les joueurs devront planter des cultures, vendre des biens au march\u00e9 urbain, d\u00e9velopper des mati\u00e8res premi\u00e8res, construire et am\u00e9liorer des manufactures, et vendre leurs marchandises aux navires \u00e9trangers venus du monde entier et d\u00e9j\u00e0 en attente dans le port, leurs cales pleines du fameux &#8220;Yinzi&#8221;.<br \/>\nLe d\u00e9veloppement des cultures et des manufactures ainsi que la capacit\u00e9 de transport le long du fleuve Yangts\u00e9 seront essentiels pour commercer avec le monde et\u00a0r\u00e9cup\u00e9rer l&#8217;argent tant convoit\u00e9.<\/p>","protected":false},"excerpt":{"rendered":"<p>Version issue du Gamefound &#8211; PLEDGE EMPEROR<\/p>","protected":false},"featured_media":446,"template":"","meta":{"site-sidebar-layout":"no-sidebar","site-content-layout":"","ast-site-content-layout":"normal-width-container","site-content-style":"unboxed","site-sidebar-style":"unboxed","ast-global-header-display":"","ast-banner-title-visibility":"","ast-main-header-display":"","ast-hfb-above-header-display":"","ast-hfb-below-header-display":"","ast-hfb-mobile-header-display":"","site-post-title":"","ast-breadcrumbs-content":"","ast-featured-img":"","footer-sml-layout":"","ast-disable-related-posts":"","theme-transparent-header-meta":"disabled","adv-header-id-meta":"","stick-header-meta":"","header-above-stick-meta":"","header-main-stick-meta":"","header-below-stick-meta":"","astra-migrate-meta-layouts":"set","ast-page-background-enabled":"default","ast-page-background-meta":{"desktop":{"background-color":"var(--ast-global-color-4)","background-image":"","background-repeat":"repeat","background-position":"center center","background-size":"auto","background-attachment":"scroll","background-type":"","background-media":"","overlay-type":"","overlay-color":"","overlay-opacity":"","overlay-gradient":""},"tablet":{"background-color":"","background-image":"","background-repeat":"repeat","background-position":"center center","background-size":"auto","background-attachment":"scroll","background-type":"","background-media":"","overlay-type":"","overlay-color":"","overlay-opacity":"","overlay-gradient":""},"mobile":{"background-color":"","background-image":"","background-repeat":"repeat","background-position":"center center","background-size":"auto","background-attachment":"scroll","background-type":"","background-media":"","overlay-type":"","overlay-color":"","overlay-opacity":"","overlay-gradient":""}},"ast-content-background-meta":{"desktop":{"background-color":"var(--ast-global-color-5)","background-image":"","background-repeat":"repeat","background-position":"center center","background-size":"auto","background-attachment":"scroll","background-type":"","background-media":"","overlay-type":"","overlay-color":"","overlay-opacity":"","overlay-gradient":""},"tablet":{"background-color":"var(--ast-global-color-5)","background-image":"","background-repeat":"repeat","background-position":"center center","background-size":"auto","background-attachment":"scroll","background-type":"","background-media":"","overlay-type":"","overlay-color":"","overlay-opacity":"","overlay-gradient":""},"mobile":{"background-color":"var(--ast-global-color-5)","background-image":"","background-repeat":"repeat","background-position":"center center","background-size":"auto","background-attachment":"scroll","background-type":"","background-media":"","overlay-type":"","overlay-color":"","overlay-opacity":"","overlay-gradient":""}}},"product_brand":[],"product_cat":[30,21,22],"product_tag":[],"class_list":{"0":"post-97","1":"product","2":"type-product","3":"status-publish","4":"has-post-thumbnail","6":"product_cat-a-venir-coming-soon-prochainement","7":"product_cat-expert","8":"product_cat-yinzi-ming","9":"desktop-align-left","10":"tablet-align-left","11":"mobile-align-left","13":"first","14":"outofstock","15":"taxable","16":"shipping-taxable","17":"purchasable","18":"product-type-variable","19":"has-default-attributes"},"aioseo_notices":[],"_links":{"self":[{"href":"https:\/\/fentasy-games.com\/en_uk\/wp-json\/wp\/v2\/product\/97","targetHints":{"allow":["GET"]}}],"collection":[{"href":"https:\/\/fentasy-games.com\/en_uk\/wp-json\/wp\/v2\/product"}],"about":[{"href":"https:\/\/fentasy-games.com\/en_uk\/wp-json\/wp\/v2\/types\/product"}],"wp:featuredmedia":[{"embeddable":true,"href":"https:\/\/fentasy-games.com\/en_uk\/wp-json\/wp\/v2\/media\/446"}],"wp:attachment":[{"href":"https:\/\/fentasy-games.com\/en_uk\/wp-json\/wp\/v2\/media?parent=97"}],"wp:term":[{"taxonomy":"product_brand","embeddable":true,"href":"https:\/\/fentasy-games.com\/en_uk\/wp-json\/wp\/v2\/product_brand?post=97"},{"taxonomy":"product_cat","embeddable":true,"href":"https:\/\/fentasy-games.com\/en_uk\/wp-json\/wp\/v2\/product_cat?post=97"},{"taxonomy":"product_tag","embeddable":true,"href":"https:\/\/fentasy-games.com\/en_uk\/wp-json\/wp\/v2\/product_tag?post=97"}],"curies":[{"name":"wp","href":"https:\/\/api.w.org\/{rel}","templated":true}]}}